{"id":18,"date":"2013-09-11T13:43:52","date_gmt":"2013-09-11T13:43:52","guid":{"rendered":"http:\/\/www.freibad-stadtoldendorf.de\/wordpress\/?page_id=18"},"modified":"2024-05-05T08:21:15","modified_gmt":"2024-05-05T07:21:15","slug":"vorstand","status":"publish","type":"page","link":"https:\/\/freibad-stadtoldendorf.de\/wordpress\/vorstand\/","title":{"rendered":"Vorstand"},"content":{"rendered":"<div id=\"pl-18\"  class=\"panel-layout\" ><div id=\"pg-18-0\"  class=\"panel-grid panel-no-style\" ><div id=\"pgc-18-0-0\"  class=\"panel-grid-cell\" ><div id=\"panel-18-0-0-0\" class=\"so-panel widget widget_black-studio-tinymce widget_black_studio_tinymce panel-first-child panel-last-child\" data-index=\"0\" ><h3 class=\"widget-title\">Der Vorstand  2024<\/h3><div class=\"textwidget\"><p><figure id=\"attachment_5962\" aria-describedby=\"caption-attachment-5962\" style=\"width: 1024px\" class=\"wp-caption aligncenter\"><a href=\"https:\/\/freibad-stadtoldendorf.de\/wordpress\/wp-content\/uploads\/RNO_4637-2.jpg\"><img loading=\"lazy\" decoding=\"async\" class=\"wp-image-5962 size-full\" src=\"https:\/\/freibad-stadtoldendorf.de\/wordpress\/wp-content\/uploads\/RNO_4637-2.jpg\" alt=\"\" width=\"1024\" height=\"714\" srcset=\"https:\/\/freibad-stadtoldendorf.de\/wordpress\/wp-content\/uploads\/RNO_4637-2.jpg 1024w, https:\/\/freibad-stadtoldendorf.de\/wordpress\/wp-content\/uploads\/RNO_4637-2-300x209.jpg 300w, https:\/\/freibad-stadtoldendorf.de\/wordpress\/wp-content\/uploads\/RNO_4637-2-768x536.jpg 768w\" sizes=\"auto, (max-width: 1024px) 100vw, 1024px\" \/><\/a><figcaption id=\"caption-attachment-5962\" class=\"wp-caption-text\">v.l.: Renate Nott (1. Vorsitzende), Birgit Anders (Kasse), Gabriele B\u00f6ser (Schriftf\u00fchrerin), Heike Wehenkel (2. Vorsitzende)<\/figcaption><\/figure><\/p>\n<\/div><\/div><\/div><\/div><div id=\"pg-18-1\"  class=\"panel-grid panel-no-style\" ><div id=\"pgc-18-1-0\"  class=\"panel-grid-cell panel-grid-cell-empty\" ><\/div><div id=\"pgc-18-1-1\"  class=\"panel-grid-cell panel-grid-cell-empty panel-grid-cell-mobile-last\" ><\/div><div id=\"pgc-18-1-2\"  class=\"panel-grid-cell panel-grid-cell-empty\" ><\/div><\/div><div id=\"pg-18-2\"  class=\"panel-grid panel-no-style\" ><div id=\"pgc-18-2-0\"  class=\"panel-grid-cell\" ><div id=\"panel-18-2-0-0\" class=\"so-panel widget widget_text panel-first-child panel-last-child\" data-index=\"1\" ><h3 class=\"widget-title\">1. Vorsitzende<\/h3>\t\t\t<div class=\"textwidget\"><p>Renate Nott<\/p>\n<p>Pfarrstra\u00dfe 14<\/p>\n<p>37627 Stadtoldendorf<\/p>\n<\/div>\n\t\t<\/div><\/div><div id=\"pgc-18-2-1\"  class=\"panel-grid-cell\" ><div id=\"panel-18-2-1-0\" class=\"so-panel widget widget_text panel-first-child\" data-index=\"2\" ><h3 class=\"widget-title\">2. Vorsitzende<\/h3>\t\t\t<div class=\"textwidget\"><p>Heike Wehenkel<\/p>\n<p>Am Johanniskopf<\/p>\n<p>37627 Lenne<\/p>\n<\/div>\n\t\t<\/div><div id=\"panel-18-2-1-1\" class=\"so-panel widget widget_black-studio-tinymce widget_black_studio_tinymce panel-last-child\" data-index=\"3\" ><h3 class=\"widget-title\">Beisitzer<\/h3><div class=\"textwidget\"><p>Wolfgang Anders<\/p>\n<p>Pommerstra\u00dfe 26<\/p>\n<p>37627 Stadtoldendorf<\/p><\/div><\/div><\/div><div id=\"pgc-18-2-2\"  class=\"panel-grid-cell\" ><div id=\"panel-18-2-2-0\" class=\"so-panel widget widget_text panel-first-child\" data-index=\"4\" ><h3 class=\"widget-title\">Kassenwartin<\/h3>\t\t\t<div class=\"textwidget\"><p>Birgit Anders<\/p>\n<p>Pommernstra\u00dfe 26<\/p>\n<p>37627 Stadtoldendorf<\/p>\n<\/div>\n\t\t<\/div><div id=\"panel-18-2-2-1\" class=\"so-panel widget widget_black-studio-tinymce widget_black_studio_tinymce panel-last-child\" data-index=\"5\" ><h3 class=\"widget-title\">Beisitzer<\/h3><div class=\"textwidget\"><p style=\"text-align: left;\">Randolf Nott<\/p>\n<p style=\"text-align: left;\">Pfarrstra\u00dfe 14<\/p>\n<p style=\"text-align: left;\">37627 Stadtoldendorf<\/p><\/div><\/div><\/div><div id=\"pgc-18-2-3\"  class=\"panel-grid-cell\" ><div id=\"panel-18-2-3-0\" class=\"so-panel widget widget_text panel-first-child\" data-index=\"6\" ><h3 class=\"widget-title\">Schriftf\u00fchrerin<\/h3>\t\t\t<div class=\"textwidget\"><p>Gabriele B\u00f6ker<\/p>\n<p>Kellbergstra\u00dfe<\/p>\n<p>37627 Stadtoldendorf<\/p>\n<\/div>\n\t\t<\/div><div id=\"panel-18-2-3-1\" class=\"so-panel widget widget_black-studio-tinymce widget_black_studio_tinymce panel-last-child\" data-index=\"7\" ><h3 class=\"widget-title\">Beisitzer<\/h3><div class=\"textwidget\"><p style=\"text-align: left;\">Volker Teiwes<\/p>\n<p style=\"text-align: left;\">Eschersh\u00e4user Stra\u00dfe<\/p>\n<p style=\"text-align: left;\">37627 Stadtoldendorf<\/p><\/div><\/div><\/div><\/div><\/div>","protected":false},"excerpt":{"rendered":"<p>Der Vorstand 2024v.l.: Renate Nott (1. Vorsitzende), Birgit Anders (Kasse), Gabriele B\u00f6ser (Schriftf\u00fchrerin), Heike Wehenkel (2. Vorsitzende) 1. Vorsitzende Renate Nott Pfarrstra\u00dfe 14 37627 Stadtoldendorf 2. Vorsitzende Heike Wehenkel Am [&hellip;]<\/p>\n","protected":false},"author":1,"featured_media":0,"parent":0,"menu_order":0,"comment_status":"closed","ping_status":"closed","template":"","meta":{"footnotes":""},"class_list":["post-18","page","type-page","status-publish","hentry"],"_links":{"self":[{"href":"https:\/\/freibad-stadtoldendorf.de\/wordpress\/wp-json\/wp\/v2\/pages\/18","targetHints":{"allow":["GET"]}}],"collection":[{"href":"https:\/\/freibad-stadtoldendorf.de\/wordpress\/wp-json\/wp\/v2\/pages"}],"about":[{"href":"https:\/\/freibad-stadtoldendorf.de\/wordpress\/wp-json\/wp\/v2\/types\/page"}],"author":[{"embeddable":true,"href":"https:\/\/freibad-stadtoldendorf.de\/wordpress\/wp-json\/wp\/v2\/users\/1"}],"replies":[{"embeddable":true,"href":"https:\/\/freibad-stadtoldendorf.de\/wordpress\/wp-json\/wp\/v2\/comments?post=18"}],"version-history":[{"count":36,"href":"https:\/\/freibad-stadtoldendorf.de\/wordpress\/wp-json\/wp\/v2\/pages\/18\/revisions"}],"predecessor-version":[{"id":7176,"href":"https:\/\/freibad-stadtoldendorf.de\/wordpress\/wp-json\/wp\/v2\/pages\/18\/revisions\/7176"}],"wp:attachment":[{"href":"https:\/\/freibad-stadtoldendorf.de\/wordpress\/wp-json\/wp\/v2\/media?parent=18"}],"curies":[{"name":"wp","href":"https:\/\/api.w.org\/{rel}","templated":true}]}}