{"id":3330,"date":"2018-03-24T14:26:31","date_gmt":"2018-03-24T12:26:31","guid":{"rendered":"http:\/\/www.freibad-stadtoldendorf.de\/wordpress\/?page_id=3330"},"modified":"2022-01-24T10:23:41","modified_gmt":"2022-01-24T09:23:41","slug":"das-haben-wir-gemeinsam-erreicht","status":"publish","type":"page","link":"https:\/\/freibad-stadtoldendorf.de\/wordpress\/das-haben-wir-gemeinsam-erreicht\/","title":{"rendered":"Verwendung von Mitgliedsbeitr\u00e4gen, Spenden und Aktionserl\u00f6sen"},"content":{"rendered":"<p>Mit gro\u00dfem Elan ging es gleich nach Gr\u00fcndung des F\u00f6rdervereins los mit der Mitgliederwerbung und gleichzeitig auch damit, die Ziele des Vereins nicht nur zu definieren, sondern auch umzusetzen. Der Lieferant der Beckenabdeckung z.B. best\u00e4tigte uns, dass er in seiner gesamten fast 30j\u00e4hrigen Firmengeschichte nicht erlebt hat, dass ein solches Projekt innerhalb weniger Monate realisiert worden ist! Und mit gleichem Schwung ging es weiter \u2013 wie wir hier dokumentieren k\u00f6nnen.. Hingewiesen sei an dieser Stelle auch auf die finanzielle Seite, \u00fcber die unter &#8222;<a href=\"https:\/\/freibad-stadtoldendorf.de\/wordpress\/wp-content\/uploads\/Bilanz_2022.pdf\" target=\"_blank\" rel=\"noopener noreferrer\">Investitionen<\/a>&#8220; berichtet wird. <div id=\"twoj_slideshow_69e362213018c\" class=\"twoj_slideshow\" data-auto=\"false\"  data-width=\"100%\" data-height=\"0\"  data-minwidth=\"300\" data-minheight=\"0\"  data-maxwidth=\"100%\" data-maxheight=\"0\"  data-ratio=\"800\/600\"  data-nav=\"dots\" data-allowfullscreen=\"true\"  data-arrows=\"true\"  data-keyboard=\"true\"  data-transition=\"slide\"  data-transitionduration=\"300\"  data-loop=\"1\"  data-autoplay=\"6000\"  data-stopautoplayontouch=\"true\"  data-fit=\"contain\"  data-margin=\"2\"  data-thumbmargin=\"2\"  data-thumbborderwidth=\"0\"  data-thumbwidth=\"120\"   data-thumbheight=\"60\" ><a  href=\"https:\/\/freibad-stadtoldendorf.de\/wordpress\/wp-content\/uploads\/DSC_0007.jpg\" data-caption=\"1. Mitgliederversammlung am 23.07.2013. Robert Kumlehn erl\u00e4utert die Vorteile einer Beckenabdeckung\" ><img loading=\"lazy\" decoding=\"async\" src=\"https:\/\/freibad-stadtoldendorf.de\/wordpress\/wp-content\/uploads\/DSC_0007-300x198.jpg\"  alt=\"1. Mitgliederversammlung am 23.07.2013. Robert Kumlehn erl\u00e4utert die Vorteile einer Beckenabdeckung\" width=\"300\" height=\"198\"><\/a><a  href=\"https:\/\/freibad-stadtoldendorf.de\/wordpress\/wp-content\/uploads\/IMG_9010-1.jpg\" data-caption=\"Am 16. Mai 2014 werden die Beckenabdeckungen eingeweiht.\" ><img loading=\"lazy\" decoding=\"async\" src=\"https:\/\/freibad-stadtoldendorf.de\/wordpress\/wp-content\/uploads\/IMG_9010-1-300x225.jpg\"  alt=\"Am 16. Mai 2014 werden die Beckenabdeckungen eingeweiht.\" width=\"300\" height=\"225\"><\/a><a  href=\"https:\/\/freibad-stadtoldendorf.de\/wordpress\/wp-content\/uploads\/RNO_3373-1-R.jpg\" data-caption=\"Wieder arbeiten Vereinsmitglieder an Versch\u00f6nerung des Bades. Inzwischen ist auch die Chill-Ecke fertig und vom Verein angeschaffte Sonnenliegen werden aufgestellt.\" ><img loading=\"lazy\" decoding=\"async\" src=\"https:\/\/freibad-stadtoldendorf.de\/wordpress\/wp-content\/uploads\/RNO_3373-1-R-300x217.jpg\"  alt=\"Wieder arbeiten Vereinsmitglieder an Versch\u00f6nerung des Bades. Inzwischen ist auch die Chill-Ecke fertig und vom Verein angeschaffte Sonnenliegen werden aufgestellt.\" width=\"300\" height=\"217\"><\/a><a  href=\"https:\/\/freibad-stadtoldendorf.de\/wordpress\/wp-content\/uploads\/RNO_3123.jpg\" data-caption=\"Stand der Bauarbeiten am Projekt \u201eWindschutzwand und Beckenzugang\u201c am 22. M\u00e4rz 2015\" ><img loading=\"lazy\" decoding=\"async\" src=\"https:\/\/freibad-stadtoldendorf.de\/wordpress\/wp-content\/uploads\/RNO_3123-300x200.jpg\"  alt=\"Stand der Bauarbeiten am Projekt \u201eWindschutzwand und Beckenzugang\u201c am 22. M\u00e4rz 2015\" width=\"300\" height=\"200\"><\/a><a  href=\"https:\/\/freibad-stadtoldendorf.de\/wordpress\/wp-content\/uploads\/RNO_4570-1-R.jpg\" data-caption=\"15.August 2015: Der Projektteil des FSS, der Windschutz, ist nun auch fertig und kann der Samtgemeinde als Tr\u00e4gerin des Bades mit einer kleinen Feierstunde \u00fcbergeben werden.\" ><img loading=\"lazy\" decoding=\"async\" src=\"https:\/\/freibad-stadtoldendorf.de\/wordpress\/wp-content\/uploads\/RNO_4570-1-R-300x207.jpg\"  alt=\"15.August 2015: Der Projektteil des FSS, der Windschutz, ist nun auch fertig und kann der Samtgemeinde als Tr\u00e4gerin des Bades mit einer kleinen Feierstunde \u00fcbergeben werden.\" width=\"300\" height=\"207\"><\/a><a  href=\"https:\/\/freibad-stadtoldendorf.de\/wordpress\/wp-content\/uploads\/RNO_4453-2.jpg\" data-caption=\"Stiftung von 3 Pavillons auf der Liegeterasse.\" ><img loading=\"lazy\" decoding=\"async\" src=\"https:\/\/freibad-stadtoldendorf.de\/wordpress\/wp-content\/uploads\/RNO_4453-2-300x200.jpg\"  alt=\"Stiftung von 3 Pavillons auf der Liegeterasse.\" width=\"300\" height=\"200\"><\/a><a  href=\"https:\/\/freibad-stadtoldendorf.de\/wordpress\/wp-content\/uploads\/RNO_3706-1R.jpg\" data-caption=\"Am 08. Juli 2015 konnte die von uns gestiftete Slackline \u00fcbergeben werden. Immerhin \u2013 Stadtoldendorf ist das als erstes Bad im gesamten Landkreis mit diesem Angebot!\" ><img loading=\"lazy\" decoding=\"async\" src=\"https:\/\/freibad-stadtoldendorf.de\/wordpress\/wp-content\/uploads\/RNO_3706-1R-300x204.jpg\"  alt=\"Am 08. Juli 2015 konnte die von uns gestiftete Slackline \u00fcbergeben werden. Immerhin \u2013 Stadtoldendorf ist das als erstes Bad im gesamten Landkreis mit diesem Angebot!\" width=\"300\" height=\"204\"><\/a><a  href=\"https:\/\/freibad-stadtoldendorf.de\/wordpress\/wp-content\/uploads\/TAH_08-02.png\" data-caption=\"Im Juli 2016 werden vom Verein Sonnenliegen angeschafft. Der TAH berichtete.\" ><img loading=\"lazy\" decoding=\"async\" src=\"https:\/\/freibad-stadtoldendorf.de\/wordpress\/wp-content\/uploads\/TAH_08-02-300x214.png\"  alt=\"Im Juli 2016 werden vom Verein Sonnenliegen angeschafft. Der TAH berichtete.\" width=\"300\" height=\"214\"><\/a><a  href=\"https:\/\/freibad-stadtoldendorf.de\/wordpress\/wp-content\/uploads\/Sonnensegel_1.jpg\" data-caption=\"15. Juni 2017: Das Projekt \u201eSonnensegel\u201c ist abgeschlossen und wird der Samtgemeinde als Betreiberin des Bades \u00fcbergeben.\" ><img loading=\"lazy\" decoding=\"async\" src=\"https:\/\/freibad-stadtoldendorf.de\/wordpress\/wp-content\/uploads\/Sonnensegel_1-300x199.jpg\"  alt=\"15. Juni 2017: Das Projekt \u201eSonnensegel\u201c ist abgeschlossen und wird der Samtgemeinde als Betreiberin des Bades \u00fcbergeben.\" width=\"300\" height=\"199\"><\/a><a  href=\"https:\/\/freibad-stadtoldendorf.de\/wordpress\/wp-content\/uploads\/RNO_1226-e1525520208347.jpg\" data-caption=\"Mai 2018: Versch\u00f6nerungsarbeiten ausgef\u00fchrt von Vereinsmitgliedern.\" ><img loading=\"lazy\" decoding=\"async\" src=\"https:\/\/freibad-stadtoldendorf.de\/wordpress\/wp-content\/uploads\/RNO_1226-e1525520208347-200x300.jpg\"  alt=\"Mai 2018: Versch\u00f6nerungsarbeiten ausgef\u00fchrt von Vereinsmitgliedern.\" width=\"200\" height=\"300\"><\/a><a  href=\"https:\/\/freibad-stadtoldendorf.de\/wordpress\/wp-content\/uploads\/RNO_1222-e1525520231259.jpg\" data-caption=\"Mai 2018: Hier wird es bunt...\" ><img loading=\"lazy\" decoding=\"async\" src=\"https:\/\/freibad-stadtoldendorf.de\/wordpress\/wp-content\/uploads\/RNO_1222-e1525520231259-200x300.jpg\"  alt=\"Mai 2018: Hier wird es bunt...\" width=\"200\" height=\"300\"><\/a><a  href=\"https:\/\/freibad-stadtoldendorf.de\/wordpress\/wp-content\/uploads\/IMG_0848.jpg\" data-caption=\"Im Juli 2018 kauft der Verein weitere Sonnenliegen.\" ><img loading=\"lazy\" decoding=\"async\" src=\"https:\/\/freibad-stadtoldendorf.de\/wordpress\/wp-content\/uploads\/IMG_0848-300x225.jpg\"  alt=\"Im Juli 2018 kauft der Verein weitere Sonnenliegen.\" width=\"300\" height=\"225\"><\/a><a  href=\"https:\/\/freibad-stadtoldendorf.de\/wordpress\/wp-content\/uploads\/RNO_3039.jpg\" data-caption=\"Mai 2019: Einweihung des Bodentrampolins\" ><img loading=\"lazy\" decoding=\"async\" src=\"https:\/\/freibad-stadtoldendorf.de\/wordpress\/wp-content\/uploads\/RNO_3039-300x200.jpg\"  alt=\"Mai 2019: Einweihung des Bodentrampolins\" width=\"300\" height=\"200\"><\/a><a  href=\"https:\/\/freibad-stadtoldendorf.de\/wordpress\/wp-content\/uploads\/RNO_3023-1.jpg\" data-caption=\"Vom F\u00f6rderverein gestiftet: ein neues Netz f\u00fcr das Volleyballfeld.\" ><img loading=\"lazy\" decoding=\"async\" src=\"https:\/\/freibad-stadtoldendorf.de\/wordpress\/wp-content\/uploads\/RNO_3023-1-200x300.jpg\"  alt=\"Vom F\u00f6rderverein gestiftet: ein neues Netz f\u00fcr das Volleyballfeld.\" width=\"200\" height=\"300\"><\/a><a  href=\"https:\/\/freibad-stadtoldendorf.de\/wordpress\/wp-content\/uploads\/IMG_6415.jpg\" data-caption=\"Die Sitzgelegenheiten im Kioskbereich waren sehr schadhaft. Der F\u00f6rderverein hat deshalb im Mai  2019 mit dem Kauf von 30 St\u00fchlen f\u00fcr Abhilfe gesorgt!\" ><img loading=\"lazy\" decoding=\"async\" src=\"https:\/\/freibad-stadtoldendorf.de\/wordpress\/wp-content\/uploads\/IMG_6415-300x225.jpg\"  alt=\"Die Sitzgelegenheiten im Kioskbereich waren sehr schadhaft. Der F\u00f6rderverein hat deshalb im Mai  2019 mit dem Kauf von 30 St\u00fchlen f\u00fcr Abhilfe gesorgt!\" width=\"300\" height=\"225\"><\/a><\/div><div style=\"clear: both;\"><\/div><script>var twoj_slideshow_69e362213018c = {}, twoj_slideshow_69e362213018c_css = \"\",\r\n\t\thead = document.head || document.getElementsByTagName(\"head\")[0],\r\n\t\tstyle = document.createElement(\"style\");\r\n\t\tstyle.type = \"text\/css\";\r\n\t\tif (style.styleSheet) style.styleSheet.cssText = twoj_slideshow_69e362213018c_css;\r\n\t\t\telse  style.appendChild(document.createTextNode(twoj_slideshow_69e362213018c_css));\r\n\t\thead.appendChild(style);<\/script><\/p>\r\n\r\n<p>&nbsp;<\/p>\r\n","protected":false},"excerpt":{"rendered":"<p>Mit gro\u00dfem Elan ging es gleich nach Gr\u00fcndung des F\u00f6rdervereins los mit der Mitgliederwerbung und gleichzeitig auch damit, die Ziele des Vereins nicht nur zu definieren, sondern auch umzusetzen. Der [&hellip;]<\/p>\n","protected":false},"author":1,"featured_media":0,"parent":0,"menu_order":0,"comment_status":"closed","ping_status":"closed","template":"","meta":{"footnotes":""},"class_list":["post-3330","page","type-page","status-publish","hentry"],"_links":{"self":[{"href":"https:\/\/freibad-stadtoldendorf.de\/wordpress\/wp-json\/wp\/v2\/pages\/3330","targetHints":{"allow":["GET"]}}],"collection":[{"href":"https:\/\/freibad-stadtoldendorf.de\/wordpress\/wp-json\/wp\/v2\/pages"}],"about":[{"href":"https:\/\/freibad-stadtoldendorf.de\/wordpress\/wp-json\/wp\/v2\/types\/page"}],"author":[{"embeddable":true,"href":"https:\/\/freibad-stadtoldendorf.de\/wordpress\/wp-json\/wp\/v2\/users\/1"}],"replies":[{"embeddable":true,"href":"https:\/\/freibad-stadtoldendorf.de\/wordpress\/wp-json\/wp\/v2\/comments?post=3330"}],"version-history":[{"count":10,"href":"https:\/\/freibad-stadtoldendorf.de\/wordpress\/wp-json\/wp\/v2\/pages\/3330\/revisions"}],"predecessor-version":[{"id":5863,"href":"https:\/\/freibad-stadtoldendorf.de\/wordpress\/wp-json\/wp\/v2\/pages\/3330\/revisions\/5863"}],"wp:attachment":[{"href":"https:\/\/freibad-stadtoldendorf.de\/wordpress\/wp-json\/wp\/v2\/media?parent=3330"}],"curies":[{"name":"wp","href":"https:\/\/api.w.org\/{rel}","templated":true}]}}