{"id":3349,"date":"2018-03-24T14:42:19","date_gmt":"2018-03-24T12:42:19","guid":{"rendered":"http:\/\/www.freibad-stadtoldendorf.de\/wordpress\/?page_id=3349"},"modified":"2023-10-15T19:31:33","modified_gmt":"2023-10-15T18:31:33","slug":"geschichte-3","status":"publish","type":"page","link":"https:\/\/freibad-stadtoldendorf.de\/wordpress\/geschichte-3\/","title":{"rendered":"Allgemein"},"content":{"rendered":"<div id=\"pl-3349\"  class=\"panel-layout\" ><div id=\"pg-3349-0\"  class=\"panel-grid panel-no-style\" ><div id=\"pgc-3349-0-0\"  class=\"panel-grid-cell\" ><div id=\"panel-3349-0-0-0\" class=\"so-panel widget widget_black-studio-tinymce widget_black_studio_tinymce panel-first-child panel-last-child\" data-index=\"0\" ><h3 class=\"widget-title\">Wenn die \u00f6ffentlichen Kassen strapaziert sind&#8230;<\/h3><div class=\"textwidget\"><figure id=\"attachment_3422\" aria-describedby=\"caption-attachment-3422\" style=\"width: 300px\" class=\"wp-caption alignleft\"><a href=\"http:\/\/www.freibad-stadtoldendorf.de\/wordpress\/wp-content\/uploads\/DSC_0005-1-2.jpg\" target=\"_blank\" rel=\"noopener\"><img loading=\"lazy\" decoding=\"async\" class=\"wp-image-3422 size-medium\" src=\"http:\/\/www.freibad-stadtoldendorf.de\/wordpress\/wp-content\/uploads\/DSC_0005-1-2-300x143.jpg\" alt=\"\" width=\"300\" height=\"143\" srcset=\"https:\/\/freibad-stadtoldendorf.de\/wordpress\/wp-content\/uploads\/DSC_0005-1-2-300x143.jpg 300w, https:\/\/freibad-stadtoldendorf.de\/wordpress\/wp-content\/uploads\/DSC_0005-1-2-768x366.jpg 768w, https:\/\/freibad-stadtoldendorf.de\/wordpress\/wp-content\/uploads\/DSC_0005-1-2-1024x488.jpg 1024w\" sizes=\"auto, (max-width: 300px) 100vw, 300px\" \/><\/a><figcaption id=\"caption-attachment-3422\" class=\"wp-caption-text\">Renate Nott, 1. Vorsitzende \/ Vereinsgr\u00fcndung<\/figcaption><\/figure>\n\n...werden Landauf-Landab F\u00f6rdervereine gegr\u00fcndet. So auch in Stadtoldlendorfl Wie in vielen anderen Gemeinden, ist auch noch heute die Haushaltslage der <a href=\"http:\/\/www.eschershausen-stadtoldendorf.de\" target=\"_blank\" rel=\"noopener\">Samtgemeinde Eschershausen-Stadtoldendorf <\/a>angespannt. Andererseits ist es kaum m\u00f6glich, ein Freibad kostendeckend zu betreiben, wenn das Bad f\u00fcr alle Bev\u00f6lkerungskreise zur Verf\u00fcgung stehen und es nicht durch hohe Eintrittsgelder zu einer sozialen Selektion der Besucher kommen soll.\n\nDie Zwangslage der kommunalen Finanzen war der Ausgangspunkt f\u00fcr ein gro\u00dfes b\u00fcrgerschaftliches Engagement zur Erhaltung des Stadtoldendorfer Freibades. Es wurden M\u00f6glichkeiten der Kostenreduzierung auf der einen Seite und Verbesserung auf der Einnahmen auf der anderen Seite diskutiert. Am Ende f\u00fchrten diese Diskussionen zu der \u00dcberlegung, die Kommune zu unterst\u00fctzen. Im <strong>April 2013<\/strong> wurde von engagierten Stadtoldendofer B\u00fcrgern der F\u00f6rderverein Freibad Stadtoldendorf gegr\u00fcndet und in einer \u00f6ffentlichen Informationsveranstaltung am 29. April f\u00fcr die Ziele des Vereins geworben.\n\nSeit dem ist vieles geschehen und das gro\u00dfe Interesse, auf das die Initiatoren des Vereins gesto\u00dfen sind, hat zu einer gro\u00dfen Mitgliederzahl gef\u00fchrt. Mit Flyern, die in vielen Orten der Samtgemeinde von Vereinsmitgliedern in jedem Haus verteilt wurden (dieses Engagement hat nicht nur zu noch mehr Mitgliedern gef\u00fchrt, <a href=\"http:\/\/www.freibad-stadtoldendorf.de\/wordpress\/wp-content\/uploads\/DSC_0002.jpg\" target=\"_blank\" rel=\"noopener\"><img loading=\"lazy\" decoding=\"async\" class=\"alignright wp-image-3444 size-medium\" src=\"http:\/\/www.freibad-stadtoldendorf.de\/wordpress\/wp-content\/uploads\/DSC_0002-300x160.jpg\" alt=\"\" width=\"300\" height=\"160\" \/><\/a>sondern auch ganz erheblich Kosten, die bei einer professionellen Verteilaktion angefallen w\u00e4ren, eingespart!), hat der F\u00f6rderverein Freibad Stadtoldendorf auf sich aufmerksam gemacht.\n\nDas bemerkenswerte Engagement der Vereinsmitglieder machte es m\u00f6glich, schon im ersten Jahr nach Vereinsgr\u00fcndung ein bedeutendes Projekt im Umfang von immerhin \u00fcber 70.000 \u20ac abzuschlie\u00dfen. Die Rede ist von den Beckenabdeckungen am Schwimmer- und Nichtschwimmerbecken. Hierdurch werden f\u00fcr die Betreiberin des Bades, die Samtgemeinde Eschershausen-Stadtoldendorf hohe Kosten f\u00fcr Energie und Wasser eingespart. Nat\u00fcrlich musste f\u00fcr diese Summe ein Darlehen aufgenommen werden. Vielen Aktivit\u00e4ten des Vereins, auf die auch auf diesen Webseiten hingewiesen wird, zielen darauf ab, die Finanzierung dieser Darlehensverbindlichkeiten sicherzustellen und gleichzeitig Mittel f\u00fcr Anschaffungen (z.B. Sonnenliegen) bereitzuhalten.\n\n<a href=\"http:\/\/www.freibad-stadtoldendorf.de\/wordpress\/wp-content\/uploads\/DJI_0028n-r.jpg\" target=\"_blank\" rel=\"Video noopener\"><img loading=\"lazy\" decoding=\"async\" class=\"alignleft wp-image-2252 size-thumbnail\" src=\"http:\/\/www.freibad-stadtoldendorf.de\/wordpress\/wp-content\/uploads\/DJI_0028n-r-150x150.jpg\" alt=\"\" width=\"150\" height=\"150\" srcset=\"https:\/\/freibad-stadtoldendorf.de\/wordpress\/wp-content\/uploads\/DJI_0028n-r-150x150.jpg 150w, https:\/\/freibad-stadtoldendorf.de\/wordpress\/wp-content\/uploads\/DJI_0028n-r-50x50.jpg 50w\" sizes=\"auto, (max-width: 150px) 100vw, 150px\" \/><\/a>\n\nDie Treffen der Vereinsmitglieder auch au\u00dferhalb der Saison und neben den obligatorischen Jahreshauptversammlungen tragen dazu bei, den Zusammenhalt innerhalb des Vereins zu st\u00e4rken und immer wieder Anregungen zu erhalten, wie das sch\u00f6ne Freibad in Stadtoldendorf nicht nur erhalten und in seiner Attraktivit\u00e4t gesteigert werden kann.\n\nDeshalb wendet sich der Verein immer wieder an die B\u00fcrgerinnen und B\u00fcrger der Stadt und der umliegenden Ortschaften, dem Verein beizutreten und damit auch f\u00fcr den Rat der Samtgemeinde zu dokumentieren, wie sehr der Bev\u00f6lkerung \u201eihr\u201c Bad am Herzen liegt. Die zahlreichen Sponsoren aus Industrie und heimischer Wirtschaft helfen mit, die Kasse des Vereins \u201egesund\u201c zu erhalten. Ihnen geb\u00fchrt ein besonderes Dankesch\u00f6n! Nicht unerw\u00e4hnt bleiben darf die gute Zusammenarbeit mit der Presse, die durch viele Ver\u00f6ffentlichungen dokumentiert ist.<\/div><\/div><\/div><\/div><\/div>","protected":false},"excerpt":{"rendered":"<p>&#8230;werden Landauf-Landab F\u00f6rdervereine gegr\u00fcndet. So auch in Stadtoldlendorfl Wie in vielen anderen Gemeinden, ist auch noch heute die Haushaltslage der Samtgemeinde Eschershausen-Stadtoldendorf angespannt. Andererseits ist es kaum m\u00f6glich, ein Freibad [&hellip;]<\/p>\n","protected":false},"author":1,"featured_media":0,"parent":0,"menu_order":0,"comment_status":"closed","ping_status":"closed","template":"","meta":{"footnotes":""},"class_list":["post-3349","page","type-page","status-publish","hentry"],"_links":{"self":[{"href":"https:\/\/freibad-stadtoldendorf.de\/wordpress\/wp-json\/wp\/v2\/pages\/3349","targetHints":{"allow":["GET"]}}],"collection":[{"href":"https:\/\/freibad-stadtoldendorf.de\/wordpress\/wp-json\/wp\/v2\/pages"}],"about":[{"href":"https:\/\/freibad-stadtoldendorf.de\/wordpress\/wp-json\/wp\/v2\/types\/page"}],"author":[{"embeddable":true,"href":"https:\/\/freibad-stadtoldendorf.de\/wordpress\/wp-json\/wp\/v2\/users\/1"}],"replies":[{"embeddable":true,"href":"https:\/\/freibad-stadtoldendorf.de\/wordpress\/wp-json\/wp\/v2\/comments?post=3349"}],"version-history":[{"count":1,"href":"https:\/\/freibad-stadtoldendorf.de\/wordpress\/wp-json\/wp\/v2\/pages\/3349\/revisions"}],"predecessor-version":[{"id":6929,"href":"https:\/\/freibad-stadtoldendorf.de\/wordpress\/wp-json\/wp\/v2\/pages\/3349\/revisions\/6929"}],"wp:attachment":[{"href":"https:\/\/freibad-stadtoldendorf.de\/wordpress\/wp-json\/wp\/v2\/media?parent=3349"}],"curies":[{"name":"wp","href":"https:\/\/api.w.org\/{rel}","templated":true}]}}