{"id":43,"date":"2013-09-11T14:10:29","date_gmt":"2013-09-11T14:10:29","guid":{"rendered":"http:\/\/www.freibad-stadtoldendorf.de\/wordpress\/?page_id=43"},"modified":"2019-02-06T17:43:20","modified_gmt":"2019-02-06T16:43:20","slug":"presse","status":"publish","type":"page","link":"https:\/\/freibad-stadtoldendorf.de\/wordpress\/presse\/","title":{"rendered":"Presse 2013"},"content":{"rendered":"<div id=\"pl-43\"  class=\"panel-layout\" ><div id=\"pg-43-0\"  class=\"panel-grid panel-no-style\" ><div id=\"pgc-43-0-0\"  class=\"panel-grid-cell\" ><div id=\"panel-43-0-0-0\" class=\"so-panel widget widget_black-studio-tinymce widget_black_studio_tinymce panel-first-child\" data-index=\"0\" ><h3 class=\"widget-title\">Weser-Ith-News vom 28. Dezember 2013<\/h3><div class=\"textwidget\"><p><strong>Weihnachtsspende f\u00fcr F\u00f6rderverein Freibad Stadtoldendorf<\/strong><\/p>\r\n<p>Maternus Seniorencentrum Unter der Homburg widmete seine traditionelle Weihnachtsspende in diesem Jahr dem F\u00f6rderverein Freibad Stadtoldendorf.<a href=\"http:\/\/www.meine-onlinezeitung.de\/gesellschaft\/54-gesellschaft\/5095-2013-12-28-01-32-57\" target=\"_blank\"> Weser-Ith-News berichtet.<\/a>.<\/p><\/div><\/div><div id=\"panel-43-0-0-1\" class=\"so-panel widget widget_black-studio-tinymce widget_black_studio_tinymce\" data-index=\"1\" ><h3 class=\"widget-title\">T\u00e4glicher Anzeiger Holzminden vom 24. Dezember 2013<\/h3><div class=\"textwidget\"><strong>Der F\u00f6rderverein Freibad im Jahresr\u00fcckblick des TAH<\/strong>\n\nIn seinem <a href=\"http:\/\/www.freibad-stadtoldendorf.de\/wordpress\/wp-content\/uploads\/TAH_12-24-2013.jpg\" target=\"_blank\" rel=\"noopener\">Jahresr\u00fcckblick berichtet der TAH<\/a> \u00fcber die sch\u00f6nen Erfolge des F\u00f6rdervereins, die ohne das Engagement so vieler Mitglieder nicht m\u00f6glich gewesen w\u00e4ren. Der Vorstand dankt auch an dieser Stelle noch einmal allen Helferinnen und Helfern f\u00fcr die Unterst\u00fctzung!<\/div><\/div><div id=\"panel-43-0-0-2\" class=\"so-panel widget widget_black-studio-tinymce widget_black_studio_tinymce\" data-index=\"2\" ><h3 class=\"widget-title\">Weser-Ith-News vom 30. November 2013<\/h3><div class=\"textwidget\"><p><strong>Weihnachtsmarkt und Moonlight-Shopping beleben die Innenstadt<\/strong><\/p>\r\n<p>Die Weser-Ith-News widmen im vorgenannten Artikel den Akitivit\u00e4ten des F\u00f6rdervereins besondere Aufmerksamkeit - auch mit der Ver\u00f6ffentlichung einiger Fotos. <a href=\"http:\/\/meine-onlinezeitung.de\/gesellschaft\/54\/4920-weihnachtsmarkt-und-moonlight-shopping-beleben-die-innenstadt\" target=\"_blank\">Hier der Link -<\/a><\/p><\/div><\/div><div id=\"panel-43-0-0-3\" class=\"so-panel widget widget_black-studio-tinymce widget_black_studio_tinymce\" data-index=\"3\" ><h3 class=\"widget-title\">T\u00e4glicher Anzeiger Holzminden vom 30. Nov. 2013<\/h3><div class=\"textwidget\"><strong>Moonlight-Shopping mit Gl\u00fchwein und Regenschirm<\/strong>\n<p style=\"text-align: left;\">..unter diesem Stichwort berichtet der TAH \u00fcber die Er\u00f6ffnung des Stadtoldendorfer Weihnachtsmarktes. Ausf\u00fchrlich im <a href=\"http:\/\/www.freibad-stadtoldendorf.de\/wordpress\/wp-content\/uploads\/TAH_11-30-2013.jpg\" target=\"_blank\" rel=\"noopener\">Bericht <\/a>erw\u00e4hnt ist die Beteiligung des F\u00f6rdervereins..<\/p><\/div><\/div><div id=\"panel-43-0-0-4\" class=\"so-panel widget widget_black-studio-tinymce widget_black_studio_tinymce\" data-index=\"4\" ><h3 class=\"widget-title\">Weser-Ith-News vom 28. November 2013<\/h3><div class=\"textwidget\"><p><strong>Der F\u00f6rderverein Freibad ist aktiv...<\/strong><\/p>\r\n<p>...und beteiligt sich mit einem B\u00fccher- und Weihnachtspl\u00e4tzchenbasar am 29.11.2013 an der Weihnachtsmarkter\u00f6ffnung und am Moonlight-Shopping in der Stadtoldendorfer Fu\u00dfg\u00e4ngerzone. <a href=\"http:\/\/www.weser-ith-news.de\/region-aktiv\/51-region-aktiv\/4905-der-foerderverein-freibad-ist-aktiv\" target=\"_blank\">Hier der Bericht...<\/a><\/p><\/div><\/div><div id=\"panel-43-0-0-5\" class=\"so-panel widget widget_black-studio-tinymce widget_black_studio_tinymce\" data-index=\"5\" ><h3 class=\"widget-title\">T\u00e4glicher Anzeiger Holzminden vom 27. Nov. 2013<\/h3><div class=\"textwidget\"><strong>Weinnachtsmarkt mit Moonlight Shopping<\/strong>\n\n\u00dcber die Beteiligung des F\u00f6rdervereins am Moonlight Shopping berichtet der <a href=\"http:\/\/www.freibad-stadtoldendorf.de\/wordpress\/wp-content\/uploads\/TAH-11-27-2013.jpg\" target=\"_blank\" rel=\"noopener\">TAH am 27. November<\/a>. Der Vorstand dankt an dieser Stelle noch einmal allen Helferinnen und Helfern, die diese Aktion erm\u00f6glichst haben!<\/div><\/div><div id=\"panel-43-0-0-6\" class=\"so-panel widget widget_black-studio-tinymce widget_black_studio_tinymce\" data-index=\"6\" ><h3 class=\"widget-title\">Weser-Ith-News vom 23. November 2013<\/h3><div class=\"textwidget\"><p><strong>Verteilung der Brosch\u00fcren zur Spendenaktion 2013 mit Erfolg abgeschlossen - Treffen der an der Spendenaktion beteiligten Helferinnen und Helfer des F\u00f6rdervereins<\/strong><\/p>\r\n<p>Stadtoldendorf (hei). Vor kurzem trafen sich die an der Verteilung der Brosch\u00fcren zur Spendenaktion 2013 beteiligten Mitglieder des F\u00f6rderverein Freibad Stadtoldendorf zu einer Abschlussbesprechung im Freibad. - Die <a href=\"http:\/\/www.meine-onlinezeitung.de\/gesellschaft\/54-gesellschaft\/4847-verteilung-der-broschueren-zur-spendenaktion-2013-mit-erfolg-abgeschlossen-treffen-der-an-der-spendenaktion-beteiligten-helferinnen-und-helfer-des-foerdervereins\" target=\"_blank\">Weser-Ith-News berichten<\/a><\/p><\/div><\/div><div id=\"panel-43-0-0-7\" class=\"so-panel widget widget_black-studio-tinymce widget_black_studio_tinymce\" data-index=\"7\" ><h3 class=\"widget-title\">T\u00e4glicher Anzeiger Holzminden vom 23. Nov. 2013<\/h3><div class=\"textwidget\"><strong>Bei vern\u00fcnftigen Temperaturen kommen die Leute...<\/strong>\n\n...titelt der TAH in seiner Samstagsausgabe am 23.11 und berichtet \u00fcber die Vorstellung des Projektes \u201eBeckenabdeckung\u201c des F\u00f6rdervereins Freibad Stadtoldendorf bei der \u00f6ffentlichen Sitzung des Bauausschuss der Samtgemeinde Eschershausen-Stadtoldendorf. <a href=\"http:\/\/www.freibad-stadtoldendorf.de\/wordpress\/wp-content\/uploads\/TAH_11-23-2013.jpg\" target=\"_blank\" rel=\"noopener\">Hier der Bericht -<\/a><\/div><\/div><div id=\"panel-43-0-0-8\" class=\"so-panel widget widget_black-studio-tinymce widget_black_studio_tinymce\" data-index=\"8\" ><h3 class=\"widget-title\">T\u00e4glicher Anzeiger Holzminden vom 21. Nov. 2013<\/h3><div class=\"textwidget\"><strong>F\u00f6rderverein zieht erste Bilanz zur Spendenaktion<\/strong>\n\nMitglieder des F\u00f6rdervereins, die sich an der Verteilung der Brosch\u00fcren zur Spendenaktion 2013 beteiligt hatten, trafen sich zu einer Abschlussbesprechung im Freibad. Der <a href=\"http:\/\/www.freibad-stadtoldendorf.de\/wordpress\/wp-content\/uploads\/Helfer_Spendenaktion.jpg\" target=\"_blank\" rel=\"noopener\">TAH berichtet..<\/a><\/div><\/div><div id=\"panel-43-0-0-9\" class=\"so-panel widget widget_black-studio-tinymce widget_black_studio_tinymce\" data-index=\"9\" ><h3 class=\"widget-title\">Weser-Ith-News vom 17.November 2013<\/h3><div class=\"textwidget\"><p><strong>Der F\u00f6rderverein Freibad Stadtoldendorf hat seine Spendenaktion erfolgreich gestartet<\/strong><\/p>\r\n<p>Stadtoldendorf (hei). Der F\u00f6rderverein Freibad Stadtoldendorf will die Energiekosten f\u00fcr das Bad drastisch senken. \u201eMan kann kein Freibad kostendeckend f\u00fchren, wenn die Eintrittsgelder f\u00fcr alle noch erschwinglich bleiben sollen\u201c, hei\u00dft es aus Vereinskreisen. Jedoch ist die Lage der \u00f6ffentlichen Kassen nach wie vor angespannt und wird in absehbarer Zeit nicht besser.<a href=\"http:\/\/www.meine-onlinezeitung.de\/region-aktiv\/51-region-aktiv\/4800-der-foerderverein-freibad-stadtoldendorf-hat-seine-spendenaktion-erfolgreich-gestartet\" target=\"_blank\"> Hier der Bericht..<\/a><\/p><\/div><\/div><div id=\"panel-43-0-0-10\" class=\"so-panel widget widget_black-studio-tinymce widget_black_studio_tinymce\" data-index=\"10\" ><h3 class=\"widget-title\">T\u00e4glicher Anzeiger Holzminden vom 13. Nov. 2013<\/h3><div class=\"textwidget\"><strong>Erfolgreicher Start der Spendenaktion<\/strong>\n\n\u00dcber die Spendenaktion berichtet der T\u00e4gliche Anzeiger Holzminden. Besonders hervorgehoben wird das gro\u00dfe Engagement der Vereinsmitglieder. Im Interview betont Renate Thieme: \"Wir haben ein ehrgeiziges Ziel \u2013 und wir werden es erreichen!\". Auch und insbesondere bei der tatkr\u00e4ftige Hilfe durch die Vereinsmitglieder. Hier der<a href=\"http:\/\/www.freibad-stadtoldendorf.de\/wordpress\/wp-content\/uploads\/TAH_11-13.jpg\" target=\"_blank\" rel=\"noopener\"> Artikel des TAH<\/a><\/div><\/div><div id=\"panel-43-0-0-11\" class=\"so-panel widget widget_black-studio-tinymce widget_black_studio_tinymce\" data-index=\"11\" ><h3 class=\"widget-title\">Weser-Ith-News vom 31.Oktober 2013<\/h3><div class=\"textwidget\"><p><strong>F\u00f6rderverein Freibad bekennt sich zum Schulstandort Stadtoldendorf<\/strong><\/p>\r\n<p>\u00dcber den Aufruf des F\u00f6rdervereins an seine Mitglieder, sich an den Aktivit\u00e4ten der B\u00fcrgerinitiaive zum Erhalt der Homburg Oberschule zu beteiligen, berichten die <a href=\"http:\/\/www.meine-onlinezeitung.de\/region-aktiv\/51-region-aktiv\/4633-foerderverein-freibad-bekennt-sich-zum-schulstandort-stadtoldendorf\" target=\"_blank\">Weser-Ith-News<\/a>.<\/p><\/div><\/div><div id=\"panel-43-0-0-12\" class=\"so-panel widget widget_black-studio-tinymce widget_black_studio_tinymce\" data-index=\"12\" ><h3 class=\"widget-title\">Blickpunkt &#8211; Ausgabe 4\/2013<\/h3><div class=\"textwidget\"><p><b>Eine erfolgreiche erste Saison: F\u00f6rderverein Freibad zieht erstes Fazit<\/b><\/p>\r\n<p>Stadtoldendorf (hei). Der erst im April gegr\u00fcndete F\u00f6rderverein Freibad kann zum Ende der diesj\u00e4hrigen Saison ein erstes positives Fazit ziehen. In den nur knapp f\u00fcnf Monaten des Bestehens sind stolze 80 Personen bereits dem Verein beigetreten... -<a href=\"http:\/\/www.freibad-stadtoldendorf.de\/?attachment_id=503\" target=\"_blank\">weiterlesen<\/a><\/p><\/div><\/div><div id=\"panel-43-0-0-13\" class=\"so-panel widget widget_black-studio-tinymce widget_black_studio_tinymce\" data-index=\"13\" ><h3 class=\"widget-title\">T\u00e4glicher Anzeiger Holzminden vom 10. Aug. 2013<\/h3><div class=\"textwidget\"><p><strong>Spiel und Spa\u00df im Wasser und an Land<\/strong><\/p>\r\n<p>...ist der Artikel des T\u00e4glichen Anzeigers \u00fcberschrieben, in dem \u00fcber den erfolgreiche Freibad-Aktionstag in Stadtoldendorf mit mehr als 600 G\u00e4sten <a href=\"http:\/\/www.freibad-stadtoldendorf.de\/wordpress\/?attachment_id=296\">berichtet <\/a>wird. Ein gro\u00dfer Erfolg f\u00fcr einen so jungen Verein.<\/p><\/div><\/div><div id=\"panel-43-0-0-14\" class=\"so-panel widget widget_black-studio-tinymce widget_black_studio_tinymce\" data-index=\"14\" ><h3 class=\"widget-title\">T\u00e4glicher Anzeiger Holzminden vom 14. Mai 2013<\/h3><div class=\"textwidget\"><p><strong>F\u00f6rderverein sorgt f\u00fcr gen\u00fcsslichen Auftakt<\/strong><\/p>\r\n<p>Nach der Winterpause wurde die Er\u00f6ffnung des Freibades von vielen Schwimmern sehns\u00fcchtig erwartet. einige der unentwegten \"Fr\u00fchschwimmerinnen und -schwimmer\" konnten es kaum erwarten, ins Wasser zu steigen. <a href=\"http:\/\/www.freibad-stadtoldendorf.de\/wordpress\/?attachment_id=289\">Hier der Bericht<\/a> -<\/p><\/div><\/div><div id=\"panel-43-0-0-15\" class=\"so-panel widget widget_black-studio-tinymce widget_black_studio_tinymce\" data-index=\"15\" ><h3 class=\"widget-title\">Weser-Ith-News vom 09. Mai 2013<\/h3><div class=\"textwidget\"><p>Die Onlinezeitung \"Weser-Ith-News\" berichtet in ihrer Ausgabe vom 09. Mai \u00fcber das \"Anschwimmen\", das in dieser Form erstmalig unter der Regie des F\u00f6rdervereins stattgefunden hat. <a href=\"http:\/\/www.weser-ith-news.de\/gesellschaft\/54-gesellschaft\/3322-anschwimmen-mit-dem-foerderverein-freibad-stadtoldendorf\">Hier der Bericht<\/a> -<\/p><\/div><\/div><div id=\"panel-43-0-0-16\" class=\"so-panel widget widget_black-studio-tinymce widget_black_studio_tinymce\" data-index=\"16\" ><h3 class=\"widget-title\">T\u00e4glicher Anzeiger Holzminden vom 08. Mai 2013<\/h3><div class=\"textwidget\"><p><span style=\"color: #000000;\"><strong>Doppelter Start in die Freibad-Saison<\/strong><\/span><\/p>\r\n<p>Unter dieser \u00dcberschrift berichtet der T\u00e4gliche Anzeiger Holzminden zur Saisoner\u00f6ffnung in den beiden B\u00e4dern der Samtgemeinde Eschershausen-Stadtoldendorf. <a href=\"http:\/\/www.freibad-stadtoldendorf.de\/wordpress\/?attachment_id=282\">Hier der Bericht<\/a> -<\/p><\/div><\/div><div id=\"panel-43-0-0-17\" class=\"so-panel widget widget_black-studio-tinymce widget_black_studio_tinymce\" data-index=\"17\" ><h3 class=\"widget-title\">T\u00e4glichere Anzeiger Holzminden vom 02. Mai 2013<\/h3><div class=\"textwidget\"><p><strong>Die Lust am Schwimmen Wecken<\/strong><\/p>\r\n<p>Unter dem Titel \"Die Lust am Schwimmen wecken\" berichtet die Lokalzeitung \u00fcber die Informationveranstaltung des F\u00f6rdervereins. <a href=\"http:\/\/www.freibad-stadtoldendorf.de\/wordpress\/?attachment_id=251 \">Hier der Bericht<\/a> -<\/p><\/div><\/div><div id=\"panel-43-0-0-18\" class=\"so-panel widget widget_black-studio-tinymce widget_black_studio_tinymce\" data-index=\"18\" ><h3 class=\"widget-title\">T\u00e4glicher Anzeiger Holzminden vom 27. April 2013<\/h3><div class=\"textwidget\"><p><strong>Baden gehen wird teurer<\/strong><\/p>\r\n<p>Titelt der TAH nach einer Sitzung des Samtgemeinderates der Samtgemeinde Eschershausen-Stadtoldendorf. Positiv vermerkt wird, dass die \u00d6ffnungszeiten bleiben - was in Zeiten der Kostenreduzierung nicht selbstverst\u00e4ndlich ist. <a href=\"http:\/\/www.freibad-stadtoldendorf.de\/wordpress\/?attachment_id=267\">Hier der Bericht<\/a> -<\/p><\/div><\/div><div id=\"panel-43-0-0-19\" class=\"so-panel widget widget_black-studio-tinymce widget_black_studio_tinymce\" data-index=\"19\" ><h3 class=\"widget-title\">T\u00e4glicher Anzeiger Holzminden vom 28. M\u00e4rz 2013<\/h3><div class=\"textwidget\"><p>\u00a0Den Betrieb im Freibad Stadtoldendorf im gewohnten Umfang aufrecht zu erhalten, aber trotzdem die \u00f6ffentlichen Zusch\u00fcsse deutlich zu reduzieren, diesen Spagat versucht derzeit die Samtgemeinde Eschershausen-Stadtoldendorf. Nun formiert sich ein F\u00f6rderverein.\u00a0<a href=\"http:\/\/www.freibad-stadtoldendorf.de\/wordpress\/wp-content\/uploads\/TAH-28.03.2013.pdf\">TAH 28.03.2013<\/a> <\/p><\/div><\/div><div id=\"panel-43-0-0-20\" class=\"so-panel widget widget_black-studio-tinymce widget_black_studio_tinymce panel-last-child\" data-index=\"20\" ><h3 class=\"widget-title\">Weser-Ith-News vom 27.M\u00e4rz 2013<\/h3><div class=\"textwidget\"><p><strong>Mit vereinten Kr\u00e4ften: Nun wird ein F\u00f6rderverein f\u00fcr das Freibad Stadtoldendorf gegr\u00fcndet<\/strong> <\/p>\r\n<p>Von einem Defizit in H\u00f6he von rund 120.000 Euro spricht die Samtgemeinde Eschershausen-Stadtoldendorf, wenn es um den Fortbestand des Freibades in Stadtoldendorf geht. Zwar ist von einer Schlie\u00dfung des in der Tr\u00e4gerschaft der Samtgemeinde befindlichen Bades nicht die Rede, dennoch gibt der Fehlbetrag Anlass zu einer Umstrukturierung. Hier der <a href=\"http:\/\/www.meine-onlinezeitung.de\/gesellschaft\/54-gesellschaft\/3000-mit-vereinten-kraeften-nun-wird-ein-foerderverein-fuer-das-freibad-stadtoldendorf-gegruendet\">Bericht<\/a>.<\/p><\/div><\/div><\/div><\/div><\/div>","protected":false},"excerpt":{"rendered":"<p>Weihnachtsspende f\u00fcr F\u00f6rderverein Freibad Stadtoldendorf Maternus Seniorencentrum Unter der Homburg widmete seine traditionelle Weihnachtsspende in diesem Jahr dem F\u00f6rderverein Freibad Stadtoldendorf. Weser-Ith-News berichtet.. Der F\u00f6rderverein Freibad im Jahresr\u00fcckblick des TAH [&hellip;]<\/p>\n","protected":false},"author":1,"featured_media":0,"parent":0,"menu_order":0,"comment_status":"closed","ping_status":"closed","template":"","meta":{"footnotes":""},"class_list":["post-43","page","type-page","status-publish","hentry"],"_links":{"self":[{"href":"https:\/\/freibad-stadtoldendorf.de\/wordpress\/wp-json\/wp\/v2\/pages\/43","targetHints":{"allow":["GET"]}}],"collection":[{"href":"https:\/\/freibad-stadtoldendorf.de\/wordpress\/wp-json\/wp\/v2\/pages"}],"about":[{"href":"https:\/\/freibad-stadtoldendorf.de\/wordpress\/wp-json\/wp\/v2\/types\/page"}],"author":[{"embeddable":true,"href":"https:\/\/freibad-stadtoldendorf.de\/wordpress\/wp-json\/wp\/v2\/users\/1"}],"replies":[{"embeddable":true,"href":"https:\/\/freibad-stadtoldendorf.de\/wordpress\/wp-json\/wp\/v2\/comments?post=43"}],"version-history":[{"count":0,"href":"https:\/\/freibad-stadtoldendorf.de\/wordpress\/wp-json\/wp\/v2\/pages\/43\/revisions"}],"wp:attachment":[{"href":"https:\/\/freibad-stadtoldendorf.de\/wordpress\/wp-json\/wp\/v2\/media?parent=43"}],"curies":[{"name":"wp","href":"https:\/\/api.w.org\/{rel}","templated":true}]}}