{"id":45,"date":"2013-09-11T14:10:45","date_gmt":"2013-09-11T14:10:45","guid":{"rendered":"http:\/\/www.freibad-stadtoldendorf.de\/wordpress\/?page_id=45"},"modified":"2016-12-08T14:39:59","modified_gmt":"2016-12-08T12:39:59","slug":"fotogalerie","status":"publish","type":"page","link":"https:\/\/freibad-stadtoldendorf.de\/wordpress\/fotogalerie\/","title":{"rendered":"Fotogalerie"},"content":{"rendered":"<div id=\"pl-45\"  class=\"panel-layout\" ><div id=\"pg-45-0\"  class=\"panel-grid panel-no-style\" ><div id=\"pgc-45-0-0\"  class=\"panel-grid-cell\" ><div id=\"panel-45-0-0-0\" class=\"so-panel widget widget_black-studio-tinymce widget_black_studio_tinymce panel-first-child\" data-index=\"0\" ><h3 class=\"widget-title\">Sommerfest am 10. Aug. 2014<\/h3><div class=\"textwidget\"><\/div><\/div><div id=\"panel-45-0-0-1\" class=\"so-panel widget\" data-index=\"1\" ><\/div><div id=\"panel-45-0-0-2\" class=\"so-panel widget widget_black-studio-tinymce widget_black_studio_tinymce\" data-index=\"2\" ><h3 class=\"widget-title\">Das erste Etappenziel ist erreicht!<\/h3><div class=\"textwidget\"><p><strong>Auf diesen Tag hat der F\u00f6rderverein mit gro\u00dfen Einsatz hingearbeitet:<\/strong><\/p>\n<p>Die Beckenabdeckungen f\u00fcr das Schwimmer- und Nichtschwimmerbecken sind installiert und k\u00f6nnen mit einer kleinen Feierstunde in Betrieb genommen werden. Noch in diesem Sommer soll das Gesamtprojekt abgeschlossen werden. Was noch fehlt, ist der geplante gesch\u00fctzte Zugang zum Schwimmerbecken und eine Windschutzwand vor den Duschen.<\/p><\/div><\/div><div id=\"panel-45-0-0-3\" class=\"so-panel widget\" data-index=\"3\" ><\/div><div id=\"panel-45-0-0-4\" class=\"so-panel widget widget_black-studio-tinymce widget_black_studio_tinymce\" data-index=\"4\" ><h3 class=\"widget-title\">Aktion &#8222;saubere Landschaft&#8220; am 22. M\u00e4rz 2014<\/h3><div class=\"textwidget\"><p>Viele flei\u00dfige H\u00e4nde sorgten daf\u00fcr, dass nach gut 3 Stunden in der Umgebung des Freibades gro\u00dfe Mengen an Unrat, vor allem leere Flaschen, eingesammelt und im Freibad das Laub des letzten Herbstes zusammengeharkt war. Es wurde Unkraut gezupft und Pflanzbeete freigelegt.<\/p><\/div><\/div><div id=\"panel-45-0-0-5\" class=\"so-panel widget\" data-index=\"5\" ><\/div><div id=\"panel-45-0-0-6\" class=\"so-panel widget widget_black-studio-tinymce widget_black_studio_tinymce\" data-index=\"6\" ><h3 class=\"widget-title\">Unterzeichnung der Vertr\u00e4ge &#8211; 21. M\u00e4rz 2014<\/h3><div class=\"textwidget\"><p>Bilder von der Unterzeichnung der Vertr\u00e4ge im Rathaus Stadtoldendorf.<\/p>\n<\/div><\/div><div id=\"panel-45-0-0-7\" class=\"so-panel widget panel-last-child\" data-index=\"7\" ><\/div><\/div><\/div><\/div>","protected":false},"excerpt":{"rendered":"<p>Auf diesen Tag hat der F\u00f6rderverein mit gro\u00dfen Einsatz hingearbeitet: Die Beckenabdeckungen f\u00fcr das Schwimmer- und Nichtschwimmerbecken sind installiert und k\u00f6nnen mit einer kleinen Feierstunde in Betrieb genommen werden. Noch [&hellip;]<\/p>\n","protected":false},"author":1,"featured_media":0,"parent":0,"menu_order":0,"comment_status":"closed","ping_status":"closed","template":"","meta":{"footnotes":""},"class_list":["post-45","page","type-page","status-publish","hentry"],"_links":{"self":[{"href":"https:\/\/freibad-stadtoldendorf.de\/wordpress\/wp-json\/wp\/v2\/pages\/45","targetHints":{"allow":["GET"]}}],"collection":[{"href":"https:\/\/freibad-stadtoldendorf.de\/wordpress\/wp-json\/wp\/v2\/pages"}],"about":[{"href":"https:\/\/freibad-stadtoldendorf.de\/wordpress\/wp-json\/wp\/v2\/types\/page"}],"author":[{"embeddable":true,"href":"https:\/\/freibad-stadtoldendorf.de\/wordpress\/wp-json\/wp\/v2\/users\/1"}],"replies":[{"embeddable":true,"href":"https:\/\/freibad-stadtoldendorf.de\/wordpress\/wp-json\/wp\/v2\/comments?post=45"}],"version-history":[{"count":0,"href":"https:\/\/freibad-stadtoldendorf.de\/wordpress\/wp-json\/wp\/v2\/pages\/45\/revisions"}],"wp:attachment":[{"href":"https:\/\/freibad-stadtoldendorf.de\/wordpress\/wp-json\/wp\/v2\/media?parent=45"}],"curies":[{"name":"wp","href":"https:\/\/api.w.org\/{rel}","templated":true}]}}