{"id":47,"date":"2013-09-11T14:11:03","date_gmt":"2013-09-11T14:11:03","guid":{"rendered":"http:\/\/www.freibad-stadtoldendorf.de\/wordpress\/?page_id=47"},"modified":"2016-05-13T11:31:16","modified_gmt":"2016-05-13T09:31:16","slug":"uber-das-bad","status":"publish","type":"page","link":"https:\/\/freibad-stadtoldendorf.de\/wordpress\/uber-das-bad\/","title":{"rendered":"\u00dcber das Bad"},"content":{"rendered":"<div id=\"pl-47\"  class=\"panel-layout\" ><div id=\"pg-47-0\"  class=\"panel-grid panel-no-style\" ><div id=\"pgc-47-0-0\"  class=\"panel-grid-cell\" ><div id=\"panel-47-0-0-0\" class=\"so-panel widget widget_black-studio-tinymce widget_black_studio_tinymce panel-first-child panel-last-child\" data-index=\"0\" ><div class=\"textwidget\"><p><div id=\"gallery_47_1\" class=\"row\">\r\n\t    \t<div id=\"47-image-191\" class=\"col-xs-12 col-sm-4 col-md-4\">\r\n        \t\t\t\t\t\r\n\t\t\t<div class=\"thumbnail\">\r\n        \t\t\t\t\t\r\n\t\t\t\t<a href='https:\/\/freibad-stadtoldendorf.de\/wordpress\/uber-das-bad\/flyer_1-2\/'><img loading=\"lazy\" decoding=\"async\" width=\"449\" height=\"910\" src=\"https:\/\/freibad-stadtoldendorf.de\/wordpress\/wp-content\/uploads\/Flyer_11.jpg\" class=\"attachment-large size-large\" alt=\"\" srcset=\"https:\/\/freibad-stadtoldendorf.de\/wordpress\/wp-content\/uploads\/Flyer_11.jpg 449w, https:\/\/freibad-stadtoldendorf.de\/wordpress\/wp-content\/uploads\/Flyer_11-148x300.jpg 148w\" sizes=\"auto, (max-width: 449px) 100vw, 449px\" \/><\/a>            <\/div>\r\n        <\/div>\r\n        \t<div id=\"47-image-198\" class=\"col-xs-12 col-sm-4 col-md-4\">\r\n        \t\t\t\t\t\r\n\t\t\t<div class=\"thumbnail\">\r\n        \t\t\t\t\t\r\n\t\t\t\t<a href='https:\/\/freibad-stadtoldendorf.de\/wordpress\/uber-das-bad\/freibad-1-2\/'><img loading=\"lazy\" decoding=\"async\" width=\"800\" height=\"529\" src=\"https:\/\/freibad-stadtoldendorf.de\/wordpress\/wp-content\/uploads\/Freibad-11.jpg\" class=\"attachment-large size-large\" alt=\"\" srcset=\"https:\/\/freibad-stadtoldendorf.de\/wordpress\/wp-content\/uploads\/Freibad-11.jpg 800w, https:\/\/freibad-stadtoldendorf.de\/wordpress\/wp-content\/uploads\/Freibad-11-300x198.jpg 300w\" sizes=\"auto, (max-width: 800px) 100vw, 800px\" \/><\/a>            <\/div>\r\n        <\/div>\r\n    <div class=\"clearfix visible-sm-block\"><\/div>    \t<div id=\"47-image-199\" class=\"col-xs-12 col-sm-4 col-md-4\">\r\n        \t\t\t\t\t\r\n\t\t\t<div class=\"thumbnail\">\r\n        \t\t\t\t\t\r\n\t\t\t\t<a href='https:\/\/freibad-stadtoldendorf.de\/wordpress\/uber-das-bad\/freibad-2\/'><img loading=\"lazy\" decoding=\"async\" width=\"800\" height=\"529\" src=\"https:\/\/freibad-stadtoldendorf.de\/wordpress\/wp-content\/uploads\/Freibad-2.jpg\" class=\"attachment-large size-large\" alt=\"\" srcset=\"https:\/\/freibad-stadtoldendorf.de\/wordpress\/wp-content\/uploads\/Freibad-2.jpg 800w, https:\/\/freibad-stadtoldendorf.de\/wordpress\/wp-content\/uploads\/Freibad-2-300x198.jpg 300w\" sizes=\"auto, (max-width: 800px) 100vw, 800px\" \/><\/a>            <\/div>\r\n        <\/div>\r\n    <div class=\"clearfix visible-md-block visible-lg-block\"><\/div>    \t<div id=\"47-image-200\" class=\"col-xs-12 col-sm-4 col-md-4\">\r\n        \t\t\t\t\t\r\n\t\t\t<div class=\"thumbnail\">\r\n        \t\t\t\t\t\r\n\t\t\t\t<a href='https:\/\/freibad-stadtoldendorf.de\/wordpress\/uber-das-bad\/freibad-5\/'><img loading=\"lazy\" decoding=\"async\" width=\"800\" height=\"529\" src=\"https:\/\/freibad-stadtoldendorf.de\/wordpress\/wp-content\/uploads\/Freibad-5.jpg\" class=\"attachment-large size-large\" alt=\"\" srcset=\"https:\/\/freibad-stadtoldendorf.de\/wordpress\/wp-content\/uploads\/Freibad-5.jpg 800w, https:\/\/freibad-stadtoldendorf.de\/wordpress\/wp-content\/uploads\/Freibad-5-300x198.jpg 300w\" sizes=\"auto, (max-width: 800px) 100vw, 800px\" \/><\/a>            <\/div>\r\n        <\/div>\r\n    \r\n<\/div><\/p>\n<\/div><\/div><\/div><div id=\"pgc-47-0-1\"  class=\"panel-grid-cell\" ><div id=\"panel-47-0-1-0\" class=\"so-panel widget widget_black-studio-tinymce widget_black_studio_tinymce panel-first-child\" data-index=\"1\" ><div class=\"textwidget\"><p>Das beheizte Freibad in Stadtoldendorf ist idyllisch am Ortsrand gelegen mit Blick auf den Holzberg am Rande des Sollings. Mit einem umfangreichen und attraktiven Angebot ist das teilweise mit frischem Quellwasser gespeiste Bad ein Wasserpass f\u00fcr die ganze Familie.<\/p><p>Eine gro\u00dfzgige Liegewiese mit gepflegtem Rasen erwartet die Besucher ebenso wie eine Wasserrutsche und ein Kiosk mit einem vielseiten Angebot an Speisen und Getr\u00e4nken. Auch die M\u00f6glichkeit zu sportlichen Aktivit\u00e4ten ist gegeben.<\/p><\/div><\/div><div id=\"panel-47-0-1-1\" class=\"so-panel widget widget_black-studio-tinymce widget_black_studio_tinymce panel-last-child\" data-index=\"2\" ><h3 class=\"widget-title\">Das erwartet die Besucher des Bades&#8230;<\/h3><div class=\"textwidget\"><p>Im Freibad Stadtoldendorf stehen f\u00fcr die Besucher zur Verf\u00fcgung:<\/p>\n<table style=\"border: 0px; border-collapse: collapse; border-top: 0px; padding: 0;\" border=\"0\" cellspacing=\"0\" cellpadding=\"0\">\n<tbody>\n<tr>\n<td>\u2022<\/td>\n<td>Gesch\u00fctzter Zugang zum Schwimmerbecken<\/td>\n<\/tr>\n<tr>\n<td>\u2022<\/td>\n<td>Windschutzwand vor den Duschen<\/td>\n<\/tr>\n<tr>\n<td>\u2022<\/td>\n<td>Planschbecken mit Wasserpilz und Wasserfall<\/td>\n<\/tr>\n<tr>\n<td>\u2022<\/td>\n<td>Verschiedene Spielger\u00e4te<\/td>\n<\/tr>\n<tr>\n<td>\u2022<\/td>\n<td>Gro\u00dfe Wasserrutsche im Nichtschwimmerbecken<\/td>\n<\/tr>\n<tr>\n<td>\u2022<\/td>\n<td>Kinderspielplatz mit gro\u00dfem Sandkasten<\/td>\n<\/tr>\n<tr>\n<td>\u2022<\/td>\n<td>Beachvolleyballfeld und Fu\u00dfball-Bolzplatz<\/td>\n<\/tr>\n<tr>\n<td>\u2022<\/td>\n<td>Gro\u00dfe Liegewiesen mit 4.500 m<sup>2<\/sup> Fl\u00e4che sowie Sonnenliegen und \u2013schirme<\/td>\n<\/tr>\n<\/tbody>\n<\/table>\n<p><strong>Sonnenliegen und Sonnenschirme k\u00f6nnen beim Bademeister kostenlos ausgeliehen werden!<\/strong><\/p>\n<\/div><\/div><\/div><\/div><\/div>","protected":false},"excerpt":{"rendered":"<p>Das beheizte Freibad in Stadtoldendorf ist idyllisch am Ortsrand gelegen mit Blick auf den Holzberg am Rande des Sollings. Mit einem umfangreichen und attraktiven Angebot ist das teilweise mit frischem [&hellip;]<\/p>\n","protected":false},"author":1,"featured_media":0,"parent":0,"menu_order":0,"comment_status":"closed","ping_status":"closed","template":"","meta":{"footnotes":""},"class_list":["post-47","page","type-page","status-publish","hentry"],"_links":{"self":[{"href":"https:\/\/freibad-stadtoldendorf.de\/wordpress\/wp-json\/wp\/v2\/pages\/47","targetHints":{"allow":["GET"]}}],"collection":[{"href":"https:\/\/freibad-stadtoldendorf.de\/wordpress\/wp-json\/wp\/v2\/pages"}],"about":[{"href":"https:\/\/freibad-stadtoldendorf.de\/wordpress\/wp-json\/wp\/v2\/types\/page"}],"author":[{"embeddable":true,"href":"https:\/\/freibad-stadtoldendorf.de\/wordpress\/wp-json\/wp\/v2\/users\/1"}],"replies":[{"embeddable":true,"href":"https:\/\/freibad-stadtoldendorf.de\/wordpress\/wp-json\/wp\/v2\/comments?post=47"}],"version-history":[{"count":0,"href":"https:\/\/freibad-stadtoldendorf.de\/wordpress\/wp-json\/wp\/v2\/pages\/47\/revisions"}],"wp:attachment":[{"href":"https:\/\/freibad-stadtoldendorf.de\/wordpress\/wp-json\/wp\/v2\/media?parent=47"}],"curies":[{"name":"wp","href":"https:\/\/api.w.org\/{rel}","templated":true}]}}