{"id":51,"date":"2013-09-11T14:11:35","date_gmt":"2013-09-11T14:11:35","guid":{"rendered":"http:\/\/www.freibad-stadtoldendorf.de\/wordpress\/?page_id=51"},"modified":"2025-03-21T13:42:56","modified_gmt":"2025-03-21T12:42:56","slug":"preise","status":"publish","type":"page","link":"https:\/\/freibad-stadtoldendorf.de\/wordpress\/preise\/","title":{"rendered":"Preise und Badeordnung"},"content":{"rendered":"<p><a href=\"https:\/\/freibad-stadtoldendorf.de\/wordpress\/wp-content\/uploads\/Badeordnung-14.05.2023.pdf\" target=\"_blank\" rel=\"noopener\">Badeordnung Freibad Stadtoldendorf<\/a><\/p>\r\n<h5><em>Die Preise bleiben in der Saison 2025 <strong>UNVER\u00c4NDERT<\/strong>!<\/em><\/h5>\r\n<h2>Preise f\u00fcr die Saison 2025:<\/h2>\r\n<table style=\"width: 1120px; border: 0px; border-collapse: collapse; padding: 0px; height: 297px;\" border=\"0\" cellspacing=\"0\" cellpadding=\"0\">\r\n<tbody>\r\n<tr>\r\n<td>Einzelkarte f\u00fcr Erwachsene:<\/td>\r\n<td style=\"text-align: right;\">3,50 \u20ac<\/td>\r\n<\/tr>\r\n<tr>\r\n<td>Einzelkarte f\u00fcr Kinder und Jugendliche*):<\/td>\r\n<td style=\"text-align: right;\">2,00 \u20ac<\/td>\r\n<\/tr>\r\n<tr>\r\n<td>Zehnerkarte f\u00fcr Erwachsene:<\/td>\r\n<td style=\"text-align: right;\">30,00 \u20ac<\/td>\r\n<\/tr>\r\n<tr>\r\n<td>Zehnerkarte f\u00fcr Kinder und Jugendliche*):<\/td>\r\n<td style=\"text-align: right;\">15,00 \u20ac<\/td>\r\n<\/tr>\r\n<tr>\r\n<td>Saisonkarte f\u00fcr Erwachsene:<\/td>\r\n<td style=\"text-align: right;\">110,00 \u20ac<\/td>\r\n<\/tr>\r\n<tr>\r\n<td>Saisonkarte f\u00fcr Kinder und Jugendliche*):<\/td>\r\n<td style=\"text-align: right;\">40,00 \u20ac<\/td>\r\n<\/tr>\r\n<tr>\r\n<td>Familienkarte f\u00fcr die Saison:<\/td>\r\n<td style=\"text-align: right;\">170,00 \u20ac<\/td>\r\n<\/tr>\r\n<tr>\r\n<td>Jugendgruppen ab 12 Personen unter 18 Jahren und<\/td>\r\n<td style=\"text-align: right;\">1,50 \u20ac<\/td>\r\n<\/tr>\r\n<tr>\r\n<td>Schulkassen jeweils unter F\u00fchrung 1 Begleitperson<\/td>\r\n<td style=\"text-align: right;\">\u00a0<\/td>\r\n<\/tr>\r\n<tr>\r\n<td>\r\n<p><strong>Abendtarif<\/strong> (ab 17:00 Uhr)<\/p>\r\n<ul>\r\n<li>Erwachsene<\/li>\r\n<li>Kinder ab 3 Jahren u. Jugendliche bis zur Vollendung des 18. Lebensjahres<\/li>\r\n<\/ul>\r\n<\/td>\r\n<td style=\"text-align: right;\">\r\n<p>&nbsp;<\/p>\r\n<p>2,00 \u20ac<\/p>\r\n<p>1,50 \u20ac<\/p>\r\n<\/td>\r\n<\/tr>\r\n<tr>\r\n<td>2,00 \u20ac*) Kinder ab 3 Jahren u. Jugendliche bis 18 Jahre<\/td>\r\n<td style=\"text-align: right;\">\u00a0<\/td>\r\n<\/tr>\r\n<\/tbody>\r\n<\/table>\r\n\r\n<p>Hinweis zur Familienkarte: Diese Karte gilt f\u00fcr Familien mit mind. einem Kind unter 18 Jahren.<\/p>\r\n","protected":false},"excerpt":{"rendered":"<p>Badeordnung Freibad Stadtoldendorf Die Preise bleiben in der Saison 2025 UNVER\u00c4NDERT! Preise f\u00fcr die Saison 2025: Einzelkarte f\u00fcr Erwachsene: 3,50 \u20ac Einzelkarte f\u00fcr Kinder und Jugendliche*): 2,00 \u20ac Zehnerkarte f\u00fcr [&hellip;]<\/p>\n","protected":false},"author":1,"featured_media":0,"parent":0,"menu_order":0,"comment_status":"closed","ping_status":"closed","template":"","meta":{"footnotes":""},"class_list":["post-51","page","type-page","status-publish","hentry"],"_links":{"self":[{"href":"https:\/\/freibad-stadtoldendorf.de\/wordpress\/wp-json\/wp\/v2\/pages\/51","targetHints":{"allow":["GET"]}}],"collection":[{"href":"https:\/\/freibad-stadtoldendorf.de\/wordpress\/wp-json\/wp\/v2\/pages"}],"about":[{"href":"https:\/\/freibad-stadtoldendorf.de\/wordpress\/wp-json\/wp\/v2\/types\/page"}],"author":[{"embeddable":true,"href":"https:\/\/freibad-stadtoldendorf.de\/wordpress\/wp-json\/wp\/v2\/users\/1"}],"replies":[{"embeddable":true,"href":"https:\/\/freibad-stadtoldendorf.de\/wordpress\/wp-json\/wp\/v2\/comments?post=51"}],"version-history":[{"count":39,"href":"https:\/\/freibad-stadtoldendorf.de\/wordpress\/wp-json\/wp\/v2\/pages\/51\/revisions"}],"predecessor-version":[{"id":7718,"href":"https:\/\/freibad-stadtoldendorf.de\/wordpress\/wp-json\/wp\/v2\/pages\/51\/revisions\/7718"}],"wp:attachment":[{"href":"https:\/\/freibad-stadtoldendorf.de\/wordpress\/wp-json\/wp\/v2\/media?parent=51"}],"curies":[{"name":"wp","href":"https:\/\/api.w.org\/{rel}","templated":true}]}}