{"id":69,"date":"2013-09-11T14:33:38","date_gmt":"2013-09-11T13:33:38","guid":{"rendered":"http:\/\/www.freibad-stadtoldendorf.de\/wordpress\/?page_id=69"},"modified":"2026-04-04T08:56:09","modified_gmt":"2026-04-04T07:56:09","slug":"startseite","status":"publish","type":"page","link":"https:\/\/freibad-stadtoldendorf.de\/wordpress\/","title":{"rendered":"Startseite"},"content":{"rendered":"<div id=\"pl-69\"  class=\"panel-layout\" ><div id=\"pg-69-0\"  class=\"panel-grid panel-no-style\" ><div id=\"pgc-69-0-0\"  class=\"panel-grid-cell\" ><div id=\"panel-69-0-0-0\" class=\"so-panel widget widget_black-studio-tinymce widget_black_studio_tinymce panel-first-child\" data-index=\"0\" ><h3 class=\"widget-title\">Frohe Ostern<\/h3><div class=\"textwidget\"><p>Wir w\u00fcnschen allen Mitgliedern, Freunden und F\u00f6rderern ein Frohes Osterfest! Wir freuen uns auf die Saison 2026.\u00a0<a href=\"https:\/\/freibad-stadtoldendorf.de\/wordpress\/wp-content\/uploads\/IMG_7817.jpg\"><br \/>\n<img loading=\"lazy\" decoding=\"async\" class=\"aligncenter wp-image-8077 size-full\" src=\"https:\/\/freibad-stadtoldendorf.de\/wordpress\/wp-content\/uploads\/IMG_7817.jpg\" alt=\"\" width=\"1168\" height=\"880\" srcset=\"https:\/\/freibad-stadtoldendorf.de\/wordpress\/wp-content\/uploads\/IMG_7817.jpg 1168w, https:\/\/freibad-stadtoldendorf.de\/wordpress\/wp-content\/uploads\/IMG_7817-300x226.jpg 300w, https:\/\/freibad-stadtoldendorf.de\/wordpress\/wp-content\/uploads\/IMG_7817-1024x772.jpg 1024w, https:\/\/freibad-stadtoldendorf.de\/wordpress\/wp-content\/uploads\/IMG_7817-768x579.jpg 768w\" sizes=\"auto, (max-width: 1168px) 100vw, 1168px\" \/><\/a><\/p>\n<\/div><\/div><div id=\"panel-69-0-0-1\" class=\"so-panel widget widget_black-studio-tinymce widget_black_studio_tinymce\" data-index=\"1\" ><h3 class=\"widget-title\">So sch\u00f6n ist unser Freibad <\/h3><div class=\"textwidget\"><p>Das Freibad in Stadtoldendorf im Jahr 2022:<br \/>\n<div id=\"twoj_slideshow_69e34718515d0\" class=\"twoj_slideshow\" data-auto=\"false\"  data-width=\"100%\" data-height=\"0\"  data-minwidth=\"300\" data-minheight=\"0\"  data-maxwidth=\"100%\" data-maxheight=\"0\"  data-ratio=\"800\/600\"  data-nav=\"dots\" data-allowfullscreen=\"true\"  data-arrows=\"true\"  data-keyboard=\"true\"  data-transition=\"slide\"  data-transitionduration=\"300\"  data-loop=\"1\"  data-autoplay=\"5000\"  data-stopautoplayontouch=\"true\"  data-fit=\"contain\"  data-margin=\"2\"  data-thumbmargin=\"2\"  data-thumbborderwidth=\"0\"  data-thumbwidth=\"120\"   data-thumbheight=\"60\" ><a  href=\"https:\/\/freibad-stadtoldendorf.de\/wordpress\/wp-content\/uploads\/DJI_0333-1.jpg\" ><img loading=\"lazy\" decoding=\"async\" src=\"https:\/\/freibad-stadtoldendorf.de\/wordpress\/wp-content\/uploads\/DJI_0333-1-300x225.jpg\"  alt=\"DJI_0333-1\" width=\"300\" height=\"225\"><\/a><a  href=\"https:\/\/freibad-stadtoldendorf.de\/wordpress\/wp-content\/uploads\/DJI_0336-1.jpg\" ><img loading=\"lazy\" decoding=\"async\" src=\"https:\/\/freibad-stadtoldendorf.de\/wordpress\/wp-content\/uploads\/DJI_0336-1-300x225.jpg\"  alt=\"DJI_0336-1\" width=\"300\" height=\"225\"><\/a><a  href=\"https:\/\/freibad-stadtoldendorf.de\/wordpress\/wp-content\/uploads\/DJI_0332-1.jpg\" ><img loading=\"lazy\" decoding=\"async\" src=\"https:\/\/freibad-stadtoldendorf.de\/wordpress\/wp-content\/uploads\/DJI_0332-1-300x225.jpg\"  alt=\"DJI_0332-1\" width=\"300\" height=\"225\"><\/a><\/div><div style=\"clear: both;\"><\/div><script>var twoj_slideshow_69e34718515d0 = {}, twoj_slideshow_69e34718515d0_css = \"\",\r\n\t\thead = document.head || document.getElementsByTagName(\"head\")[0],\r\n\t\tstyle = document.createElement(\"style\");\r\n\t\tstyle.type = \"text\/css\";\r\n\t\tif (style.styleSheet) style.styleSheet.cssText = twoj_slideshow_69e34718515d0_css;\r\n\t\t\telse  style.appendChild(document.createTextNode(twoj_slideshow_69e34718515d0_css));\r\n\t\thead.appendChild(style);<\/script><\/p>\n<p> <div class=\"brlbs-cmpnt-container brlbs-cmpnt-content-blocker brlbs-cmpnt-with-individual-styles\" data-borlabs-cookie-content-blocker-id=\"youtube-content-blocker\" data-borlabs-cookie-content=\"PGlmcmFtZSBsb2FkaW5nPSJsYXp5IiAgaWQ9Il95dGlkXzEwMzM5IiAgd2lkdGg9IjkwMCIgaGVpZ2h0PSI1MDYiICBkYXRhLW9yaWd3aWR0aD0iOTAwIiBkYXRhLW9yaWdoZWlnaHQ9IjUwNiIgc3JjPSJodHRwczovL3d3dy55b3V0dWJlLW5vY29va2llLmNvbS9lbWJlZC81WlRZcVN1RW04QT9lbmFibGVqc2FwaT0xJmF1dG9wbGF5PTAmY2NfbG9hZF9wb2xpY3k9MCZjY19sYW5nX3ByZWY9Jml2X2xvYWRfcG9saWN5PTMmbG9vcD0wJnJlbD0wJmZzPTEmcGxheXNpbmxpbmU9MCZhdXRvaGlkZT0yJnRoZW1lPWRhcmsmY29sb3I9cmVkJmNvbnRyb2xzPTEmZGlzYWJsZWtiPTAmIiBjbGFzcz0iX195b3V0dWJlX3ByZWZzX18gIF9feW91dHViZV9wcmVmc193aWRnZXRfXyAgZXB5dC1pcy1vdmVycmlkZSAgbm8tbGF6eWxvYWQiIHRpdGxlPSJZb3VUdWJlIHBsYXllciIgIGFsbG93PSJmdWxsc2NyZWVuOyBhY2NlbGVyb21ldGVyOyBhdXRvcGxheTsgY2xpcGJvYXJkLXdyaXRlOyBlbmNyeXB0ZWQtbWVkaWE7IGd5cm9zY29wZTsgcGljdHVyZS1pbi1waWN0dXJlOyB3ZWItc2hhcmUiIHJlZmVycmVycG9saWN5PSJzdHJpY3Qtb3JpZ2luLXdoZW4tY3Jvc3Mtb3JpZ2luIiBhbGxvd2Z1bGxzY3JlZW4gZGF0YS1uby1sYXp5PSIxIiBkYXRhLXNraXBnZm9ybV9hamF4X2ZyYW1lYmpsbD0iIj48L2lmcmFtZT4=\"><div class=\"brlbs-cmpnt-cb-preset-c brlbs-cmpnt-cb-youtube\"> <div class=\"brlbs-cmpnt-cb-thumbnail\" style=\"background-image: url('https:\/\/freibad-stadtoldendorf.de\/wordpress\/wp-content\/uploads\/borlabs-cookie\/1\/yt_5ZTYqSuEm8A_hqdefault.jpg')\"><\/div> <div class=\"brlbs-cmpnt-cb-main\"> <div class=\"brlbs-cmpnt-cb-play-button\"><\/div> <div class=\"brlbs-cmpnt-cb-content\"> <p class=\"brlbs-cmpnt-cb-description\">Sie sehen gerade einen Platzhalterinhalt von <strong>YouTube<\/strong>. Um auf den eigentlichen Inhalt zuzugreifen, klicken Sie auf die Schaltfl\u00e4che unten. Bitte beachten Sie, dass dabei Daten an Drittanbieter weitergegeben werden.<\/p> <a class=\"brlbs-cmpnt-cb-provider-toggle\" href=\"#\" data-borlabs-cookie-show-provider-information role=\"button\">Mehr Informationen<\/a> <\/div> <div class=\"brlbs-cmpnt-cb-buttons\"> <a class=\"brlbs-cmpnt-cb-btn\" href=\"#\" data-borlabs-cookie-unblock role=\"button\">Inhalt entsperren<\/a> <a class=\"brlbs-cmpnt-cb-btn\" href=\"#\" data-borlabs-cookie-accept-service role=\"button\" style=\"display: inherit\">Erforderlichen Service akzeptieren und Inhalte entsperren<\/a> <\/div> <\/div> <\/div><\/div><\/p>\n<\/div><\/div><div id=\"panel-69-0-0-2\" class=\"so-panel widget\" data-index=\"2\" ><\/div><div id=\"panel-69-0-0-3\" class=\"so-panel widget widget_black-studio-tinymce widget_black_studio_tinymce panel-last-child\" data-index=\"3\" ><h3 class=\"widget-title\">Die Ziele des F\u00f6rdervereins Freibad Stadtoldendorf<\/h3><div class=\"textwidget\"><p style=\"padding-left: 40px;\">Wie in vielen Kommunen ist die Lage der Finanzen in der Samtgemeinde Eschershausen-Stadtoldendorf angespannt. Dadurch ist es der Samtgemeinde als Tr\u00e4gerin des Freibades in Stadtoldendorf k\u00fcnftig m\u00f6glicherweise nicht mehr m\u00f6glich, den Zuschussbedarf des Bades in aktueller H\u00f6he\u00a0 zu deck<a href=\"http:\/\/www.freibad-stadtoldendorf.de\/wordpress\/wp-content\/uploads\/Freibad-1.jpg\" target=\"_blank\" rel=\"noopener\"><img loading=\"lazy\" decoding=\"async\" class=\"size-medium wp-image-93 alignright\" src=\"http:\/\/www.freibad-stadtoldendorf.de\/wordpress\/wp-content\/uploads\/Freibad-1-300x198.jpg\" alt=\"Freibad-1\" width=\"300\" height=\"198\" srcset=\"https:\/\/freibad-stadtoldendorf.de\/wordpress\/wp-content\/uploads\/Freibad-1-300x198.jpg 300w, https:\/\/freibad-stadtoldendorf.de\/wordpress\/wp-content\/uploads\/Freibad-1.jpg 800w\" sizes=\"auto, (max-width: 300px) 100vw, 300px\" \/><\/a>en.<\/p>\n\nDer F\u00f6rderverein hat es sich deshalb zur Aufgabe gemacht, f\u00fcr den Erhalt des Bades einzutreten und mit konkreten Ma\u00dfnahmen die Samtgemeinde zu unterst\u00fctzen. Es erscheint deshalb angebracht, den Entscheidern in der Politik (Samtgemeinderat) deutlich zu machen, dass\n<ol start=\"1\">\n \t<li>die Bev\u00f6lkerung hinter dem Freibad steht und dessen Erhalt w\u00fcnscht<\/li>\n \t<li>die B\u00fcrger aktiv daran mitarbeiten, die Attraktivit\u00e4t des Bades zu steigern und damit die Einnahmen zu verbessern und<\/li>\n \t<li>die Kosten durch Investitionen in energie- und umweltschonende Technologie (Beckenabdeckung) signifikant zu senken<\/li>\n<\/ol><\/div><\/div><\/div><\/div><\/div>","protected":false},"excerpt":{"rendered":"<p>Wir w\u00fcnschen allen Mitgliedern, Freunden und F\u00f6rderern ein Frohes Osterfest! Wir freuen uns auf die Saison 2026.\u00a0 Das Freibad in Stadtoldendorf im Jahr 2022: https:\/\/www.youtube.com\/watch?v=5ZTYqSuEm8A Wie in vielen Kommunen ist [&hellip;]<\/p>\n","protected":false},"author":1,"featured_media":0,"parent":0,"menu_order":0,"comment_status":"closed","ping_status":"closed","template":"","meta":{"footnotes":""},"class_list":["post-69","page","type-page","status-publish","hentry"],"_links":{"self":[{"href":"https:\/\/freibad-stadtoldendorf.de\/wordpress\/wp-json\/wp\/v2\/pages\/69","targetHints":{"allow":["GET"]}}],"collection":[{"href":"https:\/\/freibad-stadtoldendorf.de\/wordpress\/wp-json\/wp\/v2\/pages"}],"about":[{"href":"https:\/\/freibad-stadtoldendorf.de\/wordpress\/wp-json\/wp\/v2\/types\/page"}],"author":[{"embeddable":true,"href":"https:\/\/freibad-stadtoldendorf.de\/wordpress\/wp-json\/wp\/v2\/users\/1"}],"replies":[{"embeddable":true,"href":"https:\/\/freibad-stadtoldendorf.de\/wordpress\/wp-json\/wp\/v2\/comments?post=69"}],"version-history":[{"count":923,"href":"https:\/\/freibad-stadtoldendorf.de\/wordpress\/wp-json\/wp\/v2\/pages\/69\/revisions"}],"predecessor-version":[{"id":8080,"href":"https:\/\/freibad-stadtoldendorf.de\/wordpress\/wp-json\/wp\/v2\/pages\/69\/revisions\/8080"}],"wp:attachment":[{"href":"https:\/\/freibad-stadtoldendorf.de\/wordpress\/wp-json\/wp\/v2\/media?parent=69"}],"curies":[{"name":"wp","href":"https:\/\/api.w.org\/{rel}","templated":true}]}}